{"id":588,"date":"2022-11-05T17:23:10","date_gmt":"2022-11-05T16:23:10","guid":{"rendered":"https:\/\/calibers.de\/?page_id=588"},"modified":"2022-12-02T15:30:08","modified_gmt":"2022-12-02T14:30:08","slug":"recruitment","status":"publish","type":"page","link":"https:\/\/calibers.de\/de\/recruitment\/","title":{"rendered":"Rekrutierung"},"content":{"rendered":"<div data-elementor-type=\"wp-page\" data-elementor-id=\"588\" class=\"elementor elementor-588\">\n\t\t\t\t\t\t<section class=\"elementor-section elementor-top-section elementor-element elementor-element-1b0a5d33 elementor-section-boxed elementor-section-height-default elementor-section-height-default\" data-id=\"1b0a5d33\" data-element_type=\"section\" data-e-type=\"section\" data-settings=\"{&quot;background_background&quot;:&quot;classic&quot;}\">\n\t\t\t\t\t\t\t<div class=\"elementor-background-overlay\"><\/div>\n\t\t\t\t\t\t\t<div class=\"elementor-container elementor-column-gap-default\">\n\t\t\t\t\t<div class=\"elementor-column elementor-col-100 elementor-top-column elementor-element elementor-element-1f841ba\" data-id=\"1f841ba\" data-element_type=\"column\" data-e-type=\"column\">\n\t\t\t<div class=\"elementor-widget-wrap elementor-element-populated\">\n\t\t\t\t\t\t<div class=\"elementor-element elementor-element-365ba0bd elementor-widget elementor-widget-heading\" data-id=\"365ba0bd\" data-element_type=\"widget\" data-e-type=\"widget\" data-widget_type=\"heading.default\">\n\t\t\t\t<div class=\"elementor-widget-container\">\n\t\t\t\t\t<h1 class=\"elementor-heading-title elementor-size-default\"><a href=\"https:\/\/calibers.de\/de\/recruitment\/\">Rekrutierung<\/a><\/h1>\t\t\t\t<\/div>\n\t\t\t\t<\/div>\n\t\t\t\t\t<\/div>\n\t\t<\/div>\n\t\t\t\t\t<\/div>\n\t\t<\/section>\n\t\t\t\t<section class=\"elementor-section elementor-top-section elementor-element elementor-element-4213acf elementor-section-boxed elementor-section-height-default elementor-section-height-default\" data-id=\"4213acf\" data-element_type=\"section\" data-e-type=\"section\">\n\t\t\t\t\t\t<div class=\"elementor-container elementor-column-gap-default\">\n\t\t\t\t\t<div class=\"elementor-column elementor-col-50 elementor-top-column elementor-element elementor-element-4979293\" data-id=\"4979293\" data-element_type=\"column\" data-e-type=\"column\">\n\t\t\t<div class=\"elementor-widget-wrap elementor-element-populated\">\n\t\t\t\t\t\t<div class=\"elementor-element elementor-element-0b85648 elementor-widget elementor-widget-text-editor\" data-id=\"0b85648\" data-element_type=\"widget\" data-e-type=\"widget\" data-widget_type=\"text-editor.default\">\n\t\t\t\t<div class=\"elementor-widget-container\">\n\t\t\t\t\t\t\t\t\t<p>Unsere Mission ist es, unseren Kandidaten, die medizinische Fachkr\u00e4fte sind und nach neuen Besch\u00e4ftigungsm\u00f6glichkeiten suchen, den bestm\u00f6glichen Nutzen zu bieten. Daher ist uns die Zufriedenheit beider Seiten sehr wichtig. Wir schaffen die besten ma\u00dfgeschneiderten L\u00f6sungen, um die Bed\u00fcrfnisse unserer Kunden und Kandidaten zu erf\u00fcllen.<\/p><p>Unser Service richtet sich sowohl an kleine, als auch an gro\u00dfe Gesundheitseinrichtungen.<\/p><p>Unser prim\u00e4res Ziel ist der Aufbau langfristiger Beziehungen zu den Kandidaten, weshalb wir jeden Fall sehr individuell behandeln. Wir arbeiten eng mit unseren Kunden und Kandidaten zusammen, um den bestm\u00f6glichen Service zu bieten.<\/p><p>Dadurch sind wir in der Lage, flexibel, unb\u00fcrokratisch und schnell zu agieren. Kurze, effektive und schnelle Entscheidungen und eine flache Hierarchie zeichnen uns aus. Unsere effiziente Struktur und st\u00e4ndige Verf\u00fcgbarkeit erm\u00f6glicht es uns, Sie jederzeit zu unterst\u00fctzen.<\/p>\t\t\t\t\t\t\t\t<\/div>\n\t\t\t\t<\/div>\n\t\t\t\t\t<\/div>\n\t\t<\/div>\n\t\t\t\t<div class=\"elementor-column elementor-col-50 elementor-top-column elementor-element elementor-element-d008acc\" data-id=\"d008acc\" data-element_type=\"column\" data-e-type=\"column\">\n\t\t\t<div class=\"elementor-widget-wrap elementor-element-populated\">\n\t\t\t\t\t\t<div class=\"elementor-element elementor-element-f9242bc elementor-widget elementor-widget-image\" data-id=\"f9242bc\" data-element_type=\"widget\" data-e-type=\"widget\" data-widget_type=\"image.default\">\n\t\t\t\t<div class=\"elementor-widget-container\">\n\t\t\t\t\t\t\t\t\t\t\t\t\t\t\t<img fetchpriority=\"high\" decoding=\"async\" data-attachment-id=\"1052\" data-permalink=\"https:\/\/calibers.de\/de\/recruitment\/6-2\/\" data-orig-file=\"https:\/\/i0.wp.com\/calibers.de\/wp-content\/uploads\/2022\/11\/6.webp?fit=509%2C339&amp;ssl=1\" data-orig-size=\"509,339\" data-comments-opened=\"1\" data-image-meta=\"{&quot;aperture&quot;:&quot;0&quot;,&quot;credit&quot;:&quot;&quot;,&quot;camera&quot;:&quot;&quot;,&quot;caption&quot;:&quot;&quot;,&quot;created_timestamp&quot;:&quot;0&quot;,&quot;copyright&quot;:&quot;&quot;,&quot;focal_length&quot;:&quot;0&quot;,&quot;iso&quot;:&quot;0&quot;,&quot;shutter_speed&quot;:&quot;0&quot;,&quot;title&quot;:&quot;&quot;,&quot;orientation&quot;:&quot;0&quot;}\" data-image-title=\"6\" data-image-description=\"\" data-image-caption=\"\" data-large-file=\"https:\/\/i0.wp.com\/calibers.de\/wp-content\/uploads\/2022\/11\/6.webp?fit=509%2C339&amp;ssl=1\" width=\"509\" height=\"339\" src=\"https:\/\/i0.wp.com\/calibers.de\/wp-content\/uploads\/2022\/11\/6.webp?fit=509%2C339&amp;ssl=1\" class=\"attachment-large size-large wp-image-1052\" alt=\"\" srcset=\"https:\/\/i0.wp.com\/calibers.de\/wp-content\/uploads\/2022\/11\/6.webp?w=509&amp;ssl=1 509w, https:\/\/i0.wp.com\/calibers.de\/wp-content\/uploads\/2022\/11\/6.webp?resize=300%2C200&amp;ssl=1 300w, https:\/\/i0.wp.com\/calibers.de\/wp-content\/uploads\/2022\/11\/6.webp?resize=18%2C12&amp;ssl=1 18w\" sizes=\"(max-width: 509px) 100vw, 509px\" \/>\t\t\t\t\t\t\t\t\t\t\t\t\t\t\t<\/div>\n\t\t\t\t<\/div>\n\t\t\t\t\t<\/div>\n\t\t<\/div>\n\t\t\t\t\t<\/div>\n\t\t<\/section>\n\t\t\t\t<section class=\"elementor-section elementor-top-section elementor-element elementor-element-50488c2 elementor-section-boxed elementor-section-height-default elementor-section-height-default\" data-id=\"50488c2\" data-element_type=\"section\" data-e-type=\"section\">\n\t\t\t\t\t\t<div class=\"elementor-container elementor-column-gap-default\">\n\t\t\t\t\t<div class=\"elementor-column elementor-col-50 elementor-top-column elementor-element elementor-element-6954b20\" data-id=\"6954b20\" data-element_type=\"column\" data-e-type=\"column\">\n\t\t\t<div class=\"elementor-widget-wrap elementor-element-populated\">\n\t\t\t\t\t\t<div class=\"elementor-element elementor-element-9530286 elementor-widget elementor-widget-image\" data-id=\"9530286\" data-element_type=\"widget\" data-e-type=\"widget\" data-widget_type=\"image.default\">\n\t\t\t\t<div class=\"elementor-widget-container\">\n\t\t\t\t\t\t\t\t\t\t\t\t\t\t\t<img decoding=\"async\" data-attachment-id=\"500\" data-permalink=\"https:\/\/calibers.de\/de\/clients-2\/csm_20191007helios_pasing_radiologie_gruppe_ct_01__1296_ausgewaehlt_fe61b328c9\/\" data-orig-file=\"https:\/\/i0.wp.com\/calibers.de\/wp-content\/uploads\/2022\/10\/csm_20191007helios_pasing_Radiologie_Gruppe_CT_01__1296_ausgewaehlt_fe61b328c9.jpg?fit=1080%2C720&amp;ssl=1\" data-orig-size=\"1080,720\" data-comments-opened=\"1\" data-image-meta=\"{&quot;aperture&quot;:&quot;0&quot;,&quot;credit&quot;:&quot;&quot;,&quot;camera&quot;:&quot;&quot;,&quot;caption&quot;:&quot;&quot;,&quot;created_timestamp&quot;:&quot;0&quot;,&quot;copyright&quot;:&quot;&quot;,&quot;focal_length&quot;:&quot;0&quot;,&quot;iso&quot;:&quot;0&quot;,&quot;shutter_speed&quot;:&quot;0&quot;,&quot;title&quot;:&quot;&quot;,&quot;orientation&quot;:&quot;0&quot;}\" data-image-title=\"csm_20191007helios_pasing_Radiologie_Gruppe_CT_01__1296_ausgewaehlt_fe61b328c9\" data-image-description=\"\" data-image-caption=\"\" data-large-file=\"https:\/\/i0.wp.com\/calibers.de\/wp-content\/uploads\/2022\/10\/csm_20191007helios_pasing_Radiologie_Gruppe_CT_01__1296_ausgewaehlt_fe61b328c9.jpg?fit=1024%2C683&amp;ssl=1\" width=\"1024\" height=\"683\" src=\"https:\/\/i0.wp.com\/calibers.de\/wp-content\/uploads\/2022\/10\/csm_20191007helios_pasing_Radiologie_Gruppe_CT_01__1296_ausgewaehlt_fe61b328c9.jpg?fit=1024%2C683&amp;ssl=1\" class=\"attachment-large size-large wp-image-500\" alt=\"\" srcset=\"https:\/\/i0.wp.com\/calibers.de\/wp-content\/uploads\/2022\/10\/csm_20191007helios_pasing_Radiologie_Gruppe_CT_01__1296_ausgewaehlt_fe61b328c9.jpg?w=1080&amp;ssl=1 1080w, https:\/\/i0.wp.com\/calibers.de\/wp-content\/uploads\/2022\/10\/csm_20191007helios_pasing_Radiologie_Gruppe_CT_01__1296_ausgewaehlt_fe61b328c9.jpg?resize=300%2C200&amp;ssl=1 300w, https:\/\/i0.wp.com\/calibers.de\/wp-content\/uploads\/2022\/10\/csm_20191007helios_pasing_Radiologie_Gruppe_CT_01__1296_ausgewaehlt_fe61b328c9.jpg?resize=1024%2C683&amp;ssl=1 1024w, https:\/\/i0.wp.com\/calibers.de\/wp-content\/uploads\/2022\/10\/csm_20191007helios_pasing_Radiologie_Gruppe_CT_01__1296_ausgewaehlt_fe61b328c9.jpg?resize=768%2C512&amp;ssl=1 768w, https:\/\/i0.wp.com\/calibers.de\/wp-content\/uploads\/2022\/10\/csm_20191007helios_pasing_Radiologie_Gruppe_CT_01__1296_ausgewaehlt_fe61b328c9.jpg?resize=18%2C12&amp;ssl=1 18w\" sizes=\"(max-width: 1000px) 100vw, 1000px\" \/>\t\t\t\t\t\t\t\t\t\t\t\t\t\t\t<\/div>\n\t\t\t\t<\/div>\n\t\t\t\t\t<\/div>\n\t\t<\/div>\n\t\t\t\t<div class=\"elementor-column elementor-col-50 elementor-top-column elementor-element elementor-element-250d6a1\" data-id=\"250d6a1\" data-element_type=\"column\" data-e-type=\"column\">\n\t\t\t<div class=\"elementor-widget-wrap elementor-element-populated\">\n\t\t\t\t\t\t<div class=\"elementor-element elementor-element-069e0b1 elementor-widget elementor-widget-text-editor\" data-id=\"069e0b1\" data-element_type=\"widget\" data-e-type=\"widget\" data-widget_type=\"text-editor.default\">\n\t\t\t\t<div class=\"elementor-widget-container\">\n\t\t\t\t\t\t\t\t\t<p><\/p>\n<p>Da wir einen aktiven Recruiting-Ansatz f\u00fcr den Markt verfolgen, erm\u00f6glichen wir gut qualifizierten Kandidaten, attraktive, gut bezahlte Stellenangebote anzunehmen. Wir bieten hervorragende Besch\u00e4ftigungsm\u00f6glichkeiten f\u00fcr alle Ebenen und Fachgebiete des Gesundheitswesens:<\/p>\n<p>Wir rekrutieren diversifizierte medizinische Fachkr\u00e4fte:&nbsp;<\/p>\n<ul>\n<li><strong>Registrierte Krankenschwestern:&nbsp;<\/strong>Alle allgemeinen Fachgebiete, einschlie\u00dflich (aber nicht beschr\u00e4nkt auf) Medizin, Chirurgie, Orthop\u00e4die, Altenmedizin, \nOnkologie, OP, Gyn\u00e4kologie, P\u00e4diatrie, PICU, NICU, Intensivstation &amp; CCU.<\/li>\n<li><strong>Hebammen<\/strong><\/li>\n<li><strong>Angeh\u00f6rige der Gesundheitsberufe:&nbsp;<\/strong>MTRA, OTA. ATA R\u00f6ntgenologen (Diagnostik), Herzphysiologen (invasiv\/nicht-invasiv), Biomediziner, Physiotherapeuten und Ergotherapeuten.<\/li>\n<\/ul>\t\t\t\t\t\t\t\t<\/div>\n\t\t\t\t<\/div>\n\t\t\t\t\t<\/div>\n\t\t<\/div>\n\t\t\t\t\t<\/div>\n\t\t<\/section>\n\t\t\t\t<section class=\"elementor-section elementor-top-section elementor-element elementor-element-7919aca elementor-section-boxed elementor-section-height-default elementor-section-height-default\" data-id=\"7919aca\" data-element_type=\"section\" data-e-type=\"section\">\n\t\t\t\t\t\t<div class=\"elementor-container elementor-column-gap-default\">\n\t\t\t\t\t<div class=\"elementor-column elementor-col-50 elementor-top-column elementor-element elementor-element-6b601a7\" data-id=\"6b601a7\" data-element_type=\"column\" data-e-type=\"column\">\n\t\t\t<div class=\"elementor-widget-wrap elementor-element-populated\">\n\t\t\t\t\t\t<div class=\"elementor-element elementor-element-de05840 elementor-widget elementor-widget-text-editor\" data-id=\"de05840\" data-element_type=\"widget\" data-e-type=\"widget\" data-widget_type=\"text-editor.default\">\n\t\t\t\t<div class=\"elementor-widget-container\">\n\t\t\t\t\t\t\t\t\t<p>\u00a0<\/p><p>Wir kennen und verstehen die Unterschiede in den Gesundheitssystemen und die Herausforderungen, die ein internationaler Umzug mit sich bringt und stehen Ihnen daher jederzeit mit Rat und Tat zur Seite.<\/p><p>Wir sind darauf spezialisiert, ein positives Bild des westlichen Arbeitsmarktes der \nGesundheitsbranche zu vermitteln. Wir rekrutieren qualifizierte \u00c4rzte und Krankenschwestern f\u00fcr europ\u00e4ische medizinische Einrichtungen. Basierend auf unserer Erfahrung und \nBranchenkenntnis haben wir eigene Systeme f\u00fcr eine effektive Rekrutierung von qualifiziertem medizinischem Personal entwickelt.<\/p><p>Mit einer flexiblen Herangehensweise an jeden Einsatz erstellen wir ein einzigartiges Stellenangebot, das auf Ihre Bed\u00fcrfnisse zugeschnitten ist, basierend auf Ihren Erfahrungen, F\u00e4higkeiten, bisherigen Kursen und beruflichen Qualifikationen.<\/p>\t\t\t\t\t\t\t\t<\/div>\n\t\t\t\t<\/div>\n\t\t\t\t\t<\/div>\n\t\t<\/div>\n\t\t\t\t<div class=\"elementor-column elementor-col-50 elementor-top-column elementor-element elementor-element-7fe232b\" data-id=\"7fe232b\" data-element_type=\"column\" data-e-type=\"column\">\n\t\t\t<div class=\"elementor-widget-wrap elementor-element-populated\">\n\t\t\t\t\t\t<div class=\"elementor-element elementor-element-d7b72d2 elementor-widget elementor-widget-image\" data-id=\"d7b72d2\" data-element_type=\"widget\" data-e-type=\"widget\" data-widget_type=\"image.default\">\n\t\t\t\t<div class=\"elementor-widget-container\">\n\t\t\t\t\t\t\t\t\t\t\t\t\t\t\t<img decoding=\"async\" data-attachment-id=\"506\" data-permalink=\"https:\/\/calibers.de\/de\/clients-2\/nurse-giving-patient-her-medication\/\" data-orig-file=\"https:\/\/i0.wp.com\/calibers.de\/wp-content\/uploads\/2022\/10\/Nurse-giving-patient-her-medication.jpg?fit=1767%2C1200&amp;ssl=1\" data-orig-size=\"1767,1200\" data-comments-opened=\"1\" data-image-meta=\"{&quot;aperture&quot;:&quot;0&quot;,&quot;credit&quot;:&quot;&quot;,&quot;camera&quot;:&quot;&quot;,&quot;caption&quot;:&quot;&quot;,&quot;created_timestamp&quot;:&quot;0&quot;,&quot;copyright&quot;:&quot;&quot;,&quot;focal_length&quot;:&quot;0&quot;,&quot;iso&quot;:&quot;0&quot;,&quot;shutter_speed&quot;:&quot;0&quot;,&quot;title&quot;:&quot;&quot;,&quot;orientation&quot;:&quot;0&quot;}\" data-image-title=\"Nurse-giving-patient-her-medication\" data-image-description=\"\" data-image-caption=\"\" data-large-file=\"https:\/\/i0.wp.com\/calibers.de\/wp-content\/uploads\/2022\/10\/Nurse-giving-patient-her-medication.jpg?fit=1024%2C695&amp;ssl=1\" width=\"1024\" height=\"695\" src=\"https:\/\/i0.wp.com\/calibers.de\/wp-content\/uploads\/2022\/10\/Nurse-giving-patient-her-medication.jpg?fit=1024%2C695&amp;ssl=1\" class=\"attachment-large size-large wp-image-506\" alt=\"\" srcset=\"https:\/\/i0.wp.com\/calibers.de\/wp-content\/uploads\/2022\/10\/Nurse-giving-patient-her-medication.jpg?w=1767&amp;ssl=1 1767w, https:\/\/i0.wp.com\/calibers.de\/wp-content\/uploads\/2022\/10\/Nurse-giving-patient-her-medication.jpg?resize=300%2C204&amp;ssl=1 300w, https:\/\/i0.wp.com\/calibers.de\/wp-content\/uploads\/2022\/10\/Nurse-giving-patient-her-medication.jpg?resize=1024%2C695&amp;ssl=1 1024w, https:\/\/i0.wp.com\/calibers.de\/wp-content\/uploads\/2022\/10\/Nurse-giving-patient-her-medication.jpg?resize=768%2C522&amp;ssl=1 768w, https:\/\/i0.wp.com\/calibers.de\/wp-content\/uploads\/2022\/10\/Nurse-giving-patient-her-medication.jpg?resize=1536%2C1043&amp;ssl=1 1536w, https:\/\/i0.wp.com\/calibers.de\/wp-content\/uploads\/2022\/10\/Nurse-giving-patient-her-medication.jpg?resize=18%2C12&amp;ssl=1 18w, https:\/\/i0.wp.com\/calibers.de\/wp-content\/uploads\/2022\/10\/Nurse-giving-patient-her-medication.jpg?resize=1200%2C815&amp;ssl=1 1200w\" sizes=\"(max-width: 1000px) 100vw, 1000px\" \/>\t\t\t\t\t\t\t\t\t\t\t\t\t\t\t<\/div>\n\t\t\t\t<\/div>\n\t\t\t\t\t<\/div>\n\t\t<\/div>\n\t\t\t\t\t<\/div>\n\t\t<\/section>\n\t\t\t\t<section class=\"elementor-section elementor-top-section elementor-element elementor-element-d87e362 elementor-section-boxed elementor-section-height-default elementor-section-height-default\" data-id=\"d87e362\" data-element_type=\"section\" data-e-type=\"section\">\n\t\t\t\t\t\t<div class=\"elementor-container elementor-column-gap-default\">\n\t\t\t\t\t<div class=\"elementor-column elementor-col-50 elementor-top-column elementor-element elementor-element-11b1650\" data-id=\"11b1650\" data-element_type=\"column\" data-e-type=\"column\">\n\t\t\t<div class=\"elementor-widget-wrap elementor-element-populated\">\n\t\t\t\t\t\t<div class=\"elementor-element elementor-element-843f2a8 elementor-widget elementor-widget-image\" data-id=\"843f2a8\" data-element_type=\"widget\" data-e-type=\"widget\" data-widget_type=\"image.default\">\n\t\t\t\t<div class=\"elementor-widget-container\">\n\t\t\t\t\t\t\t\t\t\t\t\t\t\t\t<img loading=\"lazy\" decoding=\"async\" data-attachment-id=\"501\" data-permalink=\"https:\/\/calibers.de\/de\/clients-2\/doctor-preparing-baby-injection\/\" data-orig-file=\"https:\/\/i0.wp.com\/calibers.de\/wp-content\/uploads\/2022\/10\/doctor-preparing-baby-injection.webp?fit=700%2C561&amp;ssl=1\" data-orig-size=\"700,561\" data-comments-opened=\"1\" data-image-meta=\"{&quot;aperture&quot;:&quot;0&quot;,&quot;credit&quot;:&quot;&quot;,&quot;camera&quot;:&quot;&quot;,&quot;caption&quot;:&quot;&quot;,&quot;created_timestamp&quot;:&quot;0&quot;,&quot;copyright&quot;:&quot;&quot;,&quot;focal_length&quot;:&quot;0&quot;,&quot;iso&quot;:&quot;0&quot;,&quot;shutter_speed&quot;:&quot;0&quot;,&quot;title&quot;:&quot;&quot;,&quot;orientation&quot;:&quot;0&quot;}\" data-image-title=\"doctor-preparing-baby-injection\" data-image-description=\"\" data-image-caption=\"\" data-large-file=\"https:\/\/i0.wp.com\/calibers.de\/wp-content\/uploads\/2022\/10\/doctor-preparing-baby-injection.webp?fit=700%2C561&amp;ssl=1\" width=\"700\" height=\"561\" src=\"https:\/\/i0.wp.com\/calibers.de\/wp-content\/uploads\/2022\/10\/doctor-preparing-baby-injection.webp?fit=700%2C561&amp;ssl=1\" class=\"attachment-large size-large wp-image-501\" alt=\"\" srcset=\"https:\/\/i0.wp.com\/calibers.de\/wp-content\/uploads\/2022\/10\/doctor-preparing-baby-injection.webp?w=700&amp;ssl=1 700w, https:\/\/i0.wp.com\/calibers.de\/wp-content\/uploads\/2022\/10\/doctor-preparing-baby-injection.webp?resize=300%2C240&amp;ssl=1 300w, https:\/\/i0.wp.com\/calibers.de\/wp-content\/uploads\/2022\/10\/doctor-preparing-baby-injection.webp?resize=15%2C12&amp;ssl=1 15w\" sizes=\"(max-width: 700px) 100vw, 700px\" \/>\t\t\t\t\t\t\t\t\t\t\t\t\t\t\t<\/div>\n\t\t\t\t<\/div>\n\t\t\t\t\t<\/div>\n\t\t<\/div>\n\t\t\t\t<div class=\"elementor-column elementor-col-50 elementor-top-column elementor-element elementor-element-31b5b69\" data-id=\"31b5b69\" data-element_type=\"column\" data-e-type=\"column\">\n\t\t\t<div class=\"elementor-widget-wrap elementor-element-populated\">\n\t\t\t\t\t\t<div class=\"elementor-element elementor-element-8f576b0 elementor-widget elementor-widget-text-editor\" data-id=\"8f576b0\" data-element_type=\"widget\" data-e-type=\"widget\" data-widget_type=\"text-editor.default\">\n\t\t\t\t<div class=\"elementor-widget-container\">\n\t\t\t\t\t\t\t\t\t<p>\u00a0<\/p><p>Unser prim\u00e4res Ziel und das Ziel unseres Unternehmens ist es, den Prozess der Rekrutierung zuk\u00fcnftiger Mitarbeiter umzukehren. Er besteht aus der Suche nach Positionen basierend auf den beruflichen Pr\u00e4ferenzen und individuellen Aspekten unserer Kandidaten.<\/p><p>Egal, ob Sie einen festen Job suchen oder reisen m\u00f6chten, ohne Ihre Karriere in den Hintergrund zu r\u00fccken, wir helfen Ihnen nicht nur, den richtigen Job am richtigen Ort zu finden, sondern k\u00f6nnen Ihnen auch helfen, den Prozess so einfach wie m\u00f6glich zu gestalten.<\/p><p>Unser engagiertes Registrierungsteam hilft Ihnen bei Ihren Visa- und medizinischen Registrierungsantr\u00e4gen \u2013 von Anfang bis Ende.<\/p><p>Wenn Sie bereit sind, Ihre Reise zu planen, kontaktieren Sie uns. Wir freuen uns, von Ihnen zu h\u00f6ren.<\/p>\t\t\t\t\t\t\t\t<\/div>\n\t\t\t\t<\/div>\n\t\t\t\t\t<\/div>\n\t\t<\/div>\n\t\t\t\t\t<\/div>\n\t\t<\/section>\n\t\t\t\t<\/div>","protected":false},"excerpt":{"rendered":"<p>Recruitment Our mission is to provide the best possible value to our candidates who are medical professionals looking for new job opportunities. Therefore, the satisfaction of both parties is very important to us. We create the best customized solutions to meet the needs of our clients and candidates. Our service is aimed at both, small [&hellip;]<\/p>\n","protected":false},"author":223596599,"featured_media":0,"parent":0,"menu_order":0,"comment_status":"closed","ping_status":"closed","template":"","meta":{"_crdt_document":"","site-sidebar-layout":"no-sidebar","site-content-layout":"page-builder","ast-site-content-layout":"","site-content-style":"default","site-sidebar-style":"default","ast-global-header-display":"","ast-banner-title-visibility":"","ast-main-header-display":"","ast-hfb-above-header-display":"","ast-hfb-below-header-display":"","ast-hfb-mobile-header-display":"","site-post-title":"disabled","ast-breadcrumbs-content":"","ast-featured-img":"","footer-sml-layout":"","theme-transparent-header-meta":"enabled","adv-header-id-meta":"","stick-header-meta":"","header-above-stick-meta":"","header-main-stick-meta":"","header-below-stick-meta":"","astra-migrate-meta-layouts":"default","ast-page-background-enabled":"default","ast-page-background-meta":{"desktop":{"background-color":"","background-image":"","background-repeat":"repeat","background-position":"center center","background-size":"auto","background-attachment":"scroll","background-type":"","background-media":"","overlay-type":"","overlay-color":"","overlay-gradient":""},"tablet":{"background-color":"","background-image":"","background-repeat":"repeat","background-position":"center center","background-size":"auto","background-attachment":"scroll","background-type":"","background-media":"","overlay-type":"","overlay-color":"","overlay-gradient":""},"mobile":{"background-color":"","background-image":"","background-repeat":"repeat","background-position":"center center","background-size":"auto","background-attachment":"scroll","background-type":"","background-media":"","overlay-type":"","overlay-color":"","overlay-gradient":""}},"ast-content-background-meta":{"desktop":{"background-color":"var(--ast-global-color-5)","background-image":"","background-repeat":"repeat","background-position":"center center","background-size":"auto","background-attachment":"scroll","background-type":"","background-media":"","overlay-type":"","overlay-color":"","overlay-gradient":""},"tablet":{"background-color":"var(--ast-global-color-5)","background-image":"","background-repeat":"repeat","background-position":"center center","background-size":"auto","background-attachment":"scroll","background-type":"","background-media":"","overlay-type":"","overlay-color":"","overlay-gradient":""},"mobile":{"background-color":"var(--ast-global-color-5)","background-image":"","background-repeat":"repeat","background-position":"center center","background-size":"auto","background-attachment":"scroll","background-type":"","background-media":"","overlay-type":"","overlay-color":"","overlay-gradient":""}},"advanced_seo_description":"","jetpack_seo_html_title":"","jetpack_seo_noindex":false,"footnotes":""},"class_list":["post-588","page","type-page","status-publish","hentry"],"jetpack_likes_enabled":true,"jetpack_sharing_enabled":true,"jetpack_shortlink":"https:\/\/wp.me\/Pe72SL-9u","jetpack-related-posts":[],"_links":{"self":[{"href":"https:\/\/calibers.de\/de\/wp-json\/wp\/v2\/pages\/588","targetHints":{"allow":["GET"]}}],"collection":[{"href":"https:\/\/calibers.de\/de\/wp-json\/wp\/v2\/pages"}],"about":[{"href":"https:\/\/calibers.de\/de\/wp-json\/wp\/v2\/types\/page"}],"author":[{"embeddable":true,"href":"https:\/\/calibers.de\/de\/wp-json\/wp\/v2\/users\/223596599"}],"replies":[{"embeddable":true,"href":"https:\/\/calibers.de\/de\/wp-json\/wp\/v2\/comments?post=588"}],"version-history":[{"count":20,"href":"https:\/\/calibers.de\/de\/wp-json\/wp\/v2\/pages\/588\/revisions"}],"predecessor-version":[{"id":1114,"href":"https:\/\/calibers.de\/de\/wp-json\/wp\/v2\/pages\/588\/revisions\/1114"}],"wp:attachment":[{"href":"https:\/\/calibers.de\/de\/wp-json\/wp\/v2\/media?parent=588"}],"curies":[{"name":"wp","href":"https:\/\/api.w.org\/{rel}","templated":true}]}}